{"id":2894,"date":"2022-11-25T19:59:56","date_gmt":"2022-11-25T18:59:56","guid":{"rendered":"https:\/\/zlatiborski.okrug.gov.rs\/development-opportunities\/"},"modified":"2023-01-30T12:42:49","modified_gmt":"2023-01-30T11:42:49","slug":"development-opportunities","status":"publish","type":"page","link":"https:\/\/zlatiborski.okrug.gov.rs\/en\/development-opportunities\/","title":{"rendered":"Development opportunities"},"content":{"rendered":"\t\t<div data-elementor-type=\"wp-page\" data-elementor-id=\"2894\" class=\"elementor elementor-2894 elementor-1734\">\n\t\t\t\t\t\t\t\t\t<section class=\"elementor-section elementor-top-section elementor-element elementor-element-df10969 elementor-section-boxed elementor-section-height-default elementor-section-height-default\" data-id=\"df10969\" data-element_type=\"section\">\n\t\t\t\t\t\t<div class=\"elementor-container elementor-column-gap-default\">\n\t\t\t\t\t<div class=\"elementor-column elementor-col-16 elementor-top-column elementor-element elementor-element-75ddd7c\" data-id=\"75ddd7c\" data-element_type=\"column\">\n\t\t\t<div class=\"elementor-widget-wrap\">\n\t\t\t\t\t\t\t\t\t<\/div>\n\t\t<\/div>\n\t\t\t\t<div class=\"elementor-column elementor-col-66 elementor-top-column elementor-element elementor-element-0082bbc\" data-id=\"0082bbc\" data-element_type=\"column\">\n\t\t\t<div class=\"elementor-widget-wrap elementor-element-populated\">\n\t\t\t\t\t\t\t\t<div class=\"elementor-element elementor-element-e4683d1 elementor-widget elementor-widget-text-editor\" data-id=\"e4683d1\" data-element_type=\"widget\" data-widget_type=\"text-editor.default\">\n\t\t\t\t<div class=\"elementor-widget-container\">\n\t\t\t<style>\/*! elementor - v3.8.1 - 13-11-2022 *\/\n.elementor-widget-text-editor.elementor-drop-cap-view-stacked .elementor-drop-cap{background-color:#818a91;color:#fff}.elementor-widget-text-editor.elementor-drop-cap-view-framed .elementor-drop-cap{color:#818a91;border:3px solid;background-color:transparent}.elementor-widget-text-editor:not(.elementor-drop-cap-view-default) .elementor-drop-cap{margin-top:8px}.elementor-widget-text-editor:not(.elementor-drop-cap-view-default) .elementor-drop-cap-letter{width:1em;height:1em}.elementor-widget-text-editor .elementor-drop-cap{float:left;text-align:center;line-height:1;font-size:50px}.elementor-widget-text-editor .elementor-drop-cap-letter{display:inline-block}<\/style>\t\t\t\t<p>The border with Bosnia and Herzegovina and Montenegro will enable greater movement of people and goods in cross-border traffic in the future, as well as development opportunities in cross-border cooperation.<\/p><p>\u00a0<\/p><p>The Belgrade-Bar railway line, the revitalisation and modernisation of which is underway, runs through the territory of the Zlatibor administrative district.<\/p><p>\u00a0<\/p><p>The conversion of Ponikve Airport from military to civil use would enable the use of its potential for air transport, both passenger and cargo.<\/p><p>\u00a0<\/p><p>In order to make the best use of the geostrategic location, activities are also planned on the main first-order state roads that already pass through the territory of the administrative district or are planned to be built. These are:<\/p><p>\u00a0<\/p><ul><li>branch of the state road IA, number A2 (corridor 11) towards the border with Bosnia and Herzegovina and on the section Po\u017eega &#8211; U\u017eice &#8211; Kotroman\/ Vardi\u0161te<\/li><li>state road IB, No. 29, section Sjenica &#8211; Prijepolje &#8211; Jabuka in the direction of the border with Montenegro<\/li><li>state road IB order, number 28, section U\u017eice &#8211; Bajina Ba\u0161ta &#8211; Ljubovija and section Su\u0161ica &#8211; Krema &#8211; Vardi\u0161te<\/li><li>state road IB series number 21, section Valjevo &#8211; Kosjeri\u0107 &#8211; Po\u017eega &#8211; Arilje<\/li><li>state road IB row number 23, section Ov\u010dar Banja &#8211; Po\u017eega &#8211; U\u017eice &#8211; Prijepolje &#8211; Gostun<\/li><li>state road IA, number A2 &#8211; construction of the motorway (corridor 11) part of the route Belgrade &#8211; \u010ca\u010dak &#8211; Po\u017eega &#8211; Arilje &#8211; Ivanjica &#8211; Sjenica &#8211; Boljare (border with Montenegro)<\/li><\/ul><p>\u00a0<\/p><p>With Montenegro there are two road and one railway border crossing: on the Prijepolje &#8211; Pljevlja road there is the Jabuka road border crossing, on the Prijepolje &#8211; Bijelo Polje road there is the Gostun road border crossing (both crossings are on the territory of Prijepolje municipality), and on the Belgrade &#8211; At least railway line there is a Kolovrat &#8211; Vrbnica &#8211; Bijelo Polje railway border crossing (on the territory of Priboj municipality). To Bosnia and Herzegovina there are three road border crossings: Kotroman on the territory of the town of U\u017eice, Bajina Ba\u0161ta (for passenger traffic only) and Uvac on the territory of the municipality of Priboj.<\/p><p>\u00a0<\/p><p>Infrastructure development will facilitate the establishment and development of the planned industrial zones and parks in U\u017eice, Po\u017eega, Prijepolje and Priboj, which should enable a more even regional development.<\/p><p>\u00a0<\/p><p>All these activities should lead to a significant increase in the competitiveness of this region and the development of cross-border cooperation as well as the sustainable use of the natural and cultural-historical heritage.<\/p>\t\t\t\t\t\t<\/div>\n\t\t\t\t<\/div>\n\t\t\t\t\t<\/div>\n\t\t<\/div>\n\t\t\t\t<div class=\"elementor-column elementor-col-16 elementor-top-column elementor-element elementor-element-dffc7c1\" data-id=\"dffc7c1\" data-element_type=\"column\">\n\t\t\t<div class=\"elementor-widget-wrap\">\n\t\t\t\t\t\t\t\t\t<\/div>\n\t\t<\/div>\n\t\t\t\t\t\t\t<\/div>\n\t\t<\/section>\n\t\t\t\t\t\t\t<\/div>\n\t\t","protected":false},"excerpt":{"rendered":"<p>The border with Bosnia and Herzegovina and Montenegro will enable greater movement of people and goods in cross-border traffic in the future, as well as development opportunities in cross-border cooperation. [&hellip;]<\/p>\n","protected":false},"author":1,"featured_media":0,"parent":0,"menu_order":0,"comment_status":"closed","ping_status":"closed","template":"","meta":{"footnotes":""},"class_list":["post-2894","page","type-page","status-publish","hentry"],"_links":{"self":[{"href":"https:\/\/zlatiborski.okrug.gov.rs\/en\/wp-json\/wp\/v2\/pages\/2894","targetHints":{"allow":["GET"]}}],"collection":[{"href":"https:\/\/zlatiborski.okrug.gov.rs\/en\/wp-json\/wp\/v2\/pages"}],"about":[{"href":"https:\/\/zlatiborski.okrug.gov.rs\/en\/wp-json\/wp\/v2\/types\/page"}],"author":[{"embeddable":true,"href":"https:\/\/zlatiborski.okrug.gov.rs\/en\/wp-json\/wp\/v2\/users\/1"}],"replies":[{"embeddable":true,"href":"https:\/\/zlatiborski.okrug.gov.rs\/en\/wp-json\/wp\/v2\/comments?post=2894"}],"version-history":[{"count":5,"href":"https:\/\/zlatiborski.okrug.gov.rs\/en\/wp-json\/wp\/v2\/pages\/2894\/revisions"}],"predecessor-version":[{"id":2899,"href":"https:\/\/zlatiborski.okrug.gov.rs\/en\/wp-json\/wp\/v2\/pages\/2894\/revisions\/2899"}],"wp:attachment":[{"href":"https:\/\/zlatiborski.okrug.gov.rs\/en\/wp-json\/wp\/v2\/media?parent=2894"}],"curies":[{"name":"wp","href":"https:\/\/api.w.org\/{rel}","templated":true}]}}