{"id":2883,"date":"2022-11-25T18:42:49","date_gmt":"2022-11-25T17:42:49","guid":{"rendered":"https:\/\/zlatiborski.okrug.gov.rs\/protected-cultural-heritage\/"},"modified":"2023-01-30T11:02:40","modified_gmt":"2023-01-30T10:02:40","slug":"protected-cultural-heritage","status":"publish","type":"page","link":"https:\/\/zlatiborski.okrug.gov.rs\/en\/protected-cultural-heritage\/","title":{"rendered":"Protected cultural heritage"},"content":{"rendered":"\t\t<div data-elementor-type=\"wp-page\" data-elementor-id=\"2883\" class=\"elementor elementor-2883 elementor-1664\">\n\t\t\t\t\t\t\t\t\t<section class=\"elementor-section elementor-top-section elementor-element elementor-element-d107830 elementor-section-boxed elementor-section-height-default elementor-section-height-default\" data-id=\"d107830\" data-element_type=\"section\">\n\t\t\t\t\t\t<div class=\"elementor-container elementor-column-gap-default\">\n\t\t\t\t\t<div class=\"elementor-column elementor-col-16 elementor-top-column elementor-element elementor-element-aad609e\" data-id=\"aad609e\" data-element_type=\"column\">\n\t\t\t<div class=\"elementor-widget-wrap\">\n\t\t\t\t\t\t\t\t\t<\/div>\n\t\t<\/div>\n\t\t\t\t<div class=\"elementor-column elementor-col-66 elementor-top-column elementor-element elementor-element-acc900c\" data-id=\"acc900c\" data-element_type=\"column\">\n\t\t\t<div class=\"elementor-widget-wrap elementor-element-populated\">\n\t\t\t\t\t\t\t\t<div class=\"elementor-element elementor-element-db03d5f elementor-widget elementor-widget-toggle\" data-id=\"db03d5f\" data-element_type=\"widget\" data-widget_type=\"toggle.default\">\n\t\t\t\t<div class=\"elementor-widget-container\">\n\t\t\t<style>\/*! elementor - v3.8.1 - 13-11-2022 *\/\n.elementor-toggle{text-align:left}.elementor-toggle .elementor-tab-title{font-weight:700;line-height:1;margin:0;padding:15px;border-bottom:1px solid #d4d4d4;cursor:pointer;outline:none}.elementor-toggle .elementor-tab-title .elementor-toggle-icon{display:inline-block;width:1em}.elementor-toggle .elementor-tab-title .elementor-toggle-icon svg{-webkit-margin-start:-5px;margin-inline-start:-5px;width:1em;height:1em}.elementor-toggle .elementor-tab-title .elementor-toggle-icon.elementor-toggle-icon-right{float:right;text-align:right}.elementor-toggle .elementor-tab-title .elementor-toggle-icon.elementor-toggle-icon-left{float:left;text-align:left}.elementor-toggle .elementor-tab-title .elementor-toggle-icon .elementor-toggle-icon-closed{display:block}.elementor-toggle .elementor-tab-title .elementor-toggle-icon .elementor-toggle-icon-opened{display:none}.elementor-toggle .elementor-tab-title.elementor-active{border-bottom:none}.elementor-toggle .elementor-tab-title.elementor-active .elementor-toggle-icon-closed{display:none}.elementor-toggle .elementor-tab-title.elementor-active .elementor-toggle-icon-opened{display:block}.elementor-toggle .elementor-tab-content{padding:15px;border-bottom:1px solid #d4d4d4;display:none}@media (max-width:767px){.elementor-toggle .elementor-tab-title{padding:12px}.elementor-toggle .elementor-tab-content{padding:12px 10px}}.e-con-inner>.elementor-widget-toggle,.e-con>.elementor-widget-toggle{width:var(--container-widget-width,100%)}<\/style>\t\t<div class=\"elementor-toggle\" role=\"tablist\">\n\t\t\t\t\t\t\t<div class=\"elementor-toggle-item\">\n\t\t\t\t\t<div id=\"elementor-tab-title-2291\" class=\"elementor-tab-title\" data-tab=\"1\" role=\"tab\" aria-controls=\"elementor-tab-content-2291\" aria-expanded=\"false\">\n\t\t\t\t\t\t\t\t\t\t\t\t<span class=\"elementor-toggle-icon elementor-toggle-icon-left\" aria-hidden=\"true\">\n\t\t\t\t\t\t\t\t\t\t\t\t\t\t\t<span class=\"elementor-toggle-icon-closed\"><i class=\"fas fa-caret-right\"><\/i><\/span>\n\t\t\t\t\t\t\t\t<span class=\"elementor-toggle-icon-opened\"><i class=\"elementor-toggle-icon-opened fas fa-caret-up\"><\/i><\/span>\n\t\t\t\t\t\t\t\t\t\t\t\t\t<\/span>\n\t\t\t\t\t\t\t\t\t\t\t\t<a href=\"\" class=\"elementor-toggle-title\">Cultural heritage of exceptional significance<\/a>\n\t\t\t\t\t<\/div>\n\n\t\t\t\t\t<div id=\"elementor-tab-content-2291\" class=\"elementor-tab-content elementor-clearfix\" data-tab=\"1\" role=\"tabpanel\" aria-labelledby=\"elementor-tab-title-2291\"><ul>\n<li>Church of St. Ahilius &#8211; Arilje<\/li>\n<li>Village of Mramorje in Peru\u0107ac &#8211; Bajina Ba\u0161ta<\/li>\n<li>Log cabin church in Dub &#8211; Bajina Ba\u0161ta<\/li>\n<li>Archaeological site of prehistoric burial mounds Trnjaci, Pilatovi\u0107i &#8211; Po\u017eega<\/li>\n<li>Archaeological site in Gornja Dobrinja &#8211; Po\u017eega<\/li>\n<li>Church of St. Nicholas, Pribojska Spa &#8211; Priboj<\/li>\n<li>Monastery complex of Mile\u0161eva &#8211; Prijepolje<\/li>\n<li>The ruins of the partisan hospital under Ko\u0161evine hill &#8211; Prijepolje<\/li>\n<li>Historical site, the Bo\u0161ko Buha memorial, Jabuka &#8211; Prijepolje<\/li>\n<li>Historical buildings in U\u017eice<\/li>\n<li>Moljkovi\u0107a han, Kremna &#8211; U\u017eice<\/li>\n<li>Kadinja\u010da Memorial &#8211; U\u017eice<\/li>\n<li>Birthplace of Dimitrije Tucovi\u0107, Gostilje &#8211; \u010cajetina<\/li>\n<li>Church of St. Peter and Paul, Sirogojno &#8211; \u010cajetina<\/li>\n<li>Complex Staro selo Sirogojno &#8211; \u010cajetina<\/li>\n<\/ul>\n<\/div>\n\t\t\t\t<\/div>\n\t\t\t\t\t\t\t<div class=\"elementor-toggle-item\">\n\t\t\t\t\t<div id=\"elementor-tab-title-2292\" class=\"elementor-tab-title\" data-tab=\"2\" role=\"tab\" aria-controls=\"elementor-tab-content-2292\" aria-expanded=\"false\">\n\t\t\t\t\t\t\t\t\t\t\t\t<span class=\"elementor-toggle-icon elementor-toggle-icon-left\" aria-hidden=\"true\">\n\t\t\t\t\t\t\t\t\t\t\t\t\t\t\t<span class=\"elementor-toggle-icon-closed\"><i class=\"fas fa-caret-right\"><\/i><\/span>\n\t\t\t\t\t\t\t\t<span class=\"elementor-toggle-icon-opened\"><i class=\"elementor-toggle-icon-opened fas fa-caret-up\"><\/i><\/span>\n\t\t\t\t\t\t\t\t\t\t\t\t\t<\/span>\n\t\t\t\t\t\t\t\t\t\t\t\t<a href=\"\" class=\"elementor-toggle-title\">Cultural heritage of great importance<\/a>\n\t\t\t\t\t<\/div>\n\n\t\t\t\t\t<div id=\"elementor-tab-content-2292\" class=\"elementor-tab-content elementor-clearfix\" data-tab=\"2\" role=\"tabpanel\" aria-labelledby=\"elementor-tab-title-2292\"><ul>\n<li>Church of St. Elijah in Brekov &#8211; Arilje<\/li>\n<li>Ra\u010da Monastery &#8211; Bajina Ba\u0161ta<\/li>\n<li>Log cabin church in Se\u010da Reka &#8211; Kosjeri\u0107<\/li>\n<li>Archaeological site Tumuli, Mionica, Skakavci &#8211; Kosjeri\u0107<\/li>\n<li>Log cabin church in Ku\u010dani &#8211; Nova Varo\u0161<\/li>\n<li>Log cabin church in Radijevi\u0107i &#8211; Nova Varo\u0161<\/li>\n<li>Archaeological sites: Bla\u0161kovina, Vesovina, Kr\u010devina, Varo\u0161i\u0161te, Bolnica, Savinac (Visibaba) &#8211; Po\u017eega<\/li>\n<li>Birthplace of Kristina Lekovi\u0107, Svra\u010dkovo &#8211; Po\u017eega<\/li>\n<li>Spatial cultural-historical unit Godovik &#8211; Po\u017eega<\/li>\n<li>Church of St. Archangel, Pobla\u0107e &#8211; Priboj<\/li>\n<li>Remains of the monastery in Ma\u017ei\u0107i &#8211; Priboj<\/li>\n<li>Monastery complex in Davidovi\u0107i &#8211; Prijepolje<\/li>\n<li>Archaeological site of Kolovrat &#8211; Prijepolje<\/li>\n<li>The White Church in Karan &#8211; U\u017eice<\/li>\n<li>Mediaeval town &#8211; U\u017eice<\/li>\n<li>Church of St. Mark with bell tower &#8211; U\u017eice<\/li>\n<li>Old hydroelectric power station &#8211; U\u017eice<\/li>\n<li>Log cabin church in Donja Jablanica &#8211; \u010cajetina<\/li>\n<\/ul>\n<\/div>\n\t\t\t\t<\/div>\n\t\t\t\t\t\t\t<div class=\"elementor-toggle-item\">\n\t\t\t\t\t<div id=\"elementor-tab-title-2293\" class=\"elementor-tab-title\" data-tab=\"3\" role=\"tab\" aria-controls=\"elementor-tab-content-2293\" aria-expanded=\"false\">\n\t\t\t\t\t\t\t\t\t\t\t\t<span class=\"elementor-toggle-icon elementor-toggle-icon-left\" aria-hidden=\"true\">\n\t\t\t\t\t\t\t\t\t\t\t\t\t\t\t<span class=\"elementor-toggle-icon-closed\"><i class=\"fas fa-caret-right\"><\/i><\/span>\n\t\t\t\t\t\t\t\t<span class=\"elementor-toggle-icon-opened\"><i class=\"elementor-toggle-icon-opened fas fa-caret-up\"><\/i><\/span>\n\t\t\t\t\t\t\t\t\t\t\t\t\t<\/span>\n\t\t\t\t\t\t\t\t\t\t\t\t<a href=\"\" class=\"elementor-toggle-title\">Archaeological sites<\/a>\n\t\t\t\t\t<\/div>\n\n\t\t\t\t\t<div id=\"elementor-tab-content-2293\" class=\"elementor-tab-content elementor-clearfix\" data-tab=\"3\" role=\"tabpanel\" aria-labelledby=\"elementor-tab-title-2293\"><ul>\n<li>The site of the Jevti\u0107a harbour in Vi\u0161esava &#8211; Bajina Ba\u0161ta<\/li>\n<li>The old cemetery in Tubi\u0107i &#8211; Kosjeri\u0107<\/li>\n<li>Burial mound in Ra\u017eana &#8211; Kosjeri\u0107<\/li>\n<li>Church of the Ste\u0107ak necropolis &#8211; Priboj<\/li>\n<li>Church in Drenova &#8211; Prijepolje<\/li>\n<li>Necropolis in the village of Hrta &#8211; Prijepolje<\/li>\n<li>Velika gradina in Vrsenica &#8211; Sjenica<\/li>\n<li>Remains of the church and cemetery in Radi\u0161i\u0107a brdo &#8211; Sjenica<\/li>\n<\/ul>\n<\/div>\n\t\t\t\t<\/div>\n\t\t\t\t\t\t\t<div class=\"elementor-toggle-item\">\n\t\t\t\t\t<div id=\"elementor-tab-title-2294\" class=\"elementor-tab-title\" data-tab=\"4\" role=\"tab\" aria-controls=\"elementor-tab-content-2294\" aria-expanded=\"false\">\n\t\t\t\t\t\t\t\t\t\t\t\t<span class=\"elementor-toggle-icon elementor-toggle-icon-left\" aria-hidden=\"true\">\n\t\t\t\t\t\t\t\t\t\t\t\t\t\t\t<span class=\"elementor-toggle-icon-closed\"><i class=\"fas fa-caret-right\"><\/i><\/span>\n\t\t\t\t\t\t\t\t<span class=\"elementor-toggle-icon-opened\"><i class=\"elementor-toggle-icon-opened fas fa-caret-up\"><\/i><\/span>\n\t\t\t\t\t\t\t\t\t\t\t\t\t<\/span>\n\t\t\t\t\t\t\t\t\t\t\t\t<a href=\"\" class=\"elementor-toggle-title\">Mediaeval towns<\/a>\n\t\t\t\t\t<\/div>\n\n\t\t\t\t\t<div id=\"elementor-tab-content-2294\" class=\"elementor-tab-content elementor-clearfix\" data-tab=\"4\" role=\"tabpanel\" aria-labelledby=\"elementor-tab-title-2294\"><ul>\n<li>Jagat &#8211; Priboj<\/li>\n<li>Ruins of an ancient town called Jerinas town in D\u017eurovo &#8211; Prijepolje<\/li>\n<li>Hisard\u017eik &#8211; Prijepolje<\/li>\n<\/ul>\n<\/div>\n\t\t\t\t<\/div>\n\t\t\t\t\t\t\t<div class=\"elementor-toggle-item\">\n\t\t\t\t\t<div id=\"elementor-tab-title-2295\" class=\"elementor-tab-title\" data-tab=\"5\" role=\"tab\" aria-controls=\"elementor-tab-content-2295\" aria-expanded=\"false\">\n\t\t\t\t\t\t\t\t\t\t\t\t<span class=\"elementor-toggle-icon elementor-toggle-icon-left\" aria-hidden=\"true\">\n\t\t\t\t\t\t\t\t\t\t\t\t\t\t\t<span class=\"elementor-toggle-icon-closed\"><i class=\"fas fa-caret-right\"><\/i><\/span>\n\t\t\t\t\t\t\t\t<span class=\"elementor-toggle-icon-opened\"><i class=\"elementor-toggle-icon-opened fas fa-caret-up\"><\/i><\/span>\n\t\t\t\t\t\t\t\t\t\t\t\t\t<\/span>\n\t\t\t\t\t\t\t\t\t\t\t\t<a href=\"\" class=\"elementor-toggle-title\">Religious buildings<\/a>\n\t\t\t\t\t<\/div>\n\n\t\t\t\t\t<div id=\"elementor-tab-content-2295\" class=\"elementor-tab-content elementor-clearfix\" data-tab=\"5\" role=\"tabpanel\" aria-labelledby=\"elementor-tab-title-2295\"><ul>\n<li>Klisura Monastery in Dobra\u010da &#8211; Arilje<\/li>\n<li>Church of the Assumption of Christ in Roga\u010dica &#8211; Bajina Ba\u0161ta<\/li>\n<li>Dubnica Monastery in Bo\u017eeti\u0107i &#8211; Nova Varo\u0161<\/li>\n<li>Church of St. Trinity &#8211; Nova Varo\u0161<\/li>\n<li>Church of St. Archangel in Bukovik &#8211; Nova Varo\u0161<\/li>\n<li>Church of St. Trinity in Bistrica &#8211; Nova Varo\u0161<\/li>\n<li>Church of St. George in Godovik &#8211; Po\u017eega<\/li>\n<li>Church of St. Virgin Mary in Prilipac &#8211; Po\u017eega<\/li>\n<li>Church of St. Peter and Paul in Gornja Dobrinja &#8211; Po\u017eega<\/li>\n<li>Church of the Intercession of the Virgin Mary in Gole\u0161i &#8211; Priboj<\/li>\n<li>Church of St. Archangel in Kumanica &#8211; Sjenica<\/li>\n<li>Sultan Valida Mosque &#8211; Sjenica<\/li>\n<li>Church of St. Holy Assumption in Stavlje &#8211; Sjenica<\/li>\n<li>Church of St. George &#8211; U\u017eice<\/li>\n<li>Church of the Archistrateg Michael in Stapari &#8211; U\u017eice<\/li>\n<li>Log cabin church in Dobroselica &#8211; \u010cajetina<\/li>\n<li>Uvac Monastery Complex &#8211; \u010cajetina<\/li>\n<\/ul>\n<\/div>\n\t\t\t\t<\/div>\n\t\t\t\t\t\t\t<div class=\"elementor-toggle-item\">\n\t\t\t\t\t<div id=\"elementor-tab-title-2296\" class=\"elementor-tab-title\" data-tab=\"6\" role=\"tab\" aria-controls=\"elementor-tab-content-2296\" aria-expanded=\"false\">\n\t\t\t\t\t\t\t\t\t\t\t\t<span class=\"elementor-toggle-icon elementor-toggle-icon-left\" aria-hidden=\"true\">\n\t\t\t\t\t\t\t\t\t\t\t\t\t\t\t<span class=\"elementor-toggle-icon-closed\"><i class=\"fas fa-caret-right\"><\/i><\/span>\n\t\t\t\t\t\t\t\t<span class=\"elementor-toggle-icon-opened\"><i class=\"elementor-toggle-icon-opened fas fa-caret-up\"><\/i><\/span>\n\t\t\t\t\t\t\t\t\t\t\t\t\t<\/span>\n\t\t\t\t\t\t\t\t\t\t\t\t<a href=\"\" class=\"elementor-toggle-title\">Old buildings<\/a>\n\t\t\t\t\t<\/div>\n\n\t\t\t\t\t<div id=\"elementor-tab-content-2296\" class=\"elementor-tab-content elementor-clearfix\" data-tab=\"6\" role=\"tabpanel\" aria-labelledby=\"elementor-tab-title-2296\"><ul>\n<li>House of Perka Kr\u010devinac in Radobu\u0111a &#8211; Arilje<\/li>\n<li>The old bazaar and house of Ivko Milo\u0161evi\u0107 &#8211; Bajina Ba\u0161ta<\/li>\n<li>Old inn &#8211; Kosjeri\u0107<\/li>\n<li>The building of the district administration &#8211; Kosjeri\u0107<\/li>\n<li>House of M. Pucarevi\u0107a in Drmanovi\u0107i &#8211; Nova Varo\u0161<\/li>\n<li>The house of Tomislav Bo\u0161kovi\u0107 in Radoinja &#8211; Nova Varo\u0161<\/li>\n<li>The building of the old municipal administration &#8211; Nova Varo\u0161<\/li>\n<li>The house of Milomirka Bond\u017euli\u0107 in Otanj &#8211; Po\u017eega<\/li>\n<li>The house of Ljubica Radovanovi\u0107 in Godovik &#8211; Po\u017eega<\/li>\n<li>Petar Lekovi\u0107&#8217;s house in Re\u010dice &#8211; Po\u017eega<\/li>\n<li>A\u0107imovi\u0107 house &#8211; Po\u017eega<\/li>\n<li>Borisavljevi\u0107&#8217;s house &#8211; Priboj<\/li>\n<li>Milo\u0161 Divac&#8217;s house in Drenova &#8211; Prijepolje<\/li>\n<li>House of Enver Musabegovi\u0107 &#8211; Prijepolje<\/li>\n<li>The building of the former school for students in business &#8211; Prijepolje<\/li>\n<li>The house of the national hero Jezdimir Lovi\u0107 in Gornje Lopi\u017ee &#8211; Sjenica<\/li>\n<li>Spasojevi\u0107 Tower in Brnjica &#8211; Sjenica<\/li>\n<li>House of Stani\u0107 &#8211; U\u017eice<\/li>\n<li>The house of the national hero Miodrag Milovanovi\u0107 Lune in Lunovo Selo &#8211; U\u017eice<\/li>\n<li>Jokanovi\u0107 House &#8211; U\u017eice<\/li>\n<li>Primary school in Moljkovina &#8211; U\u017eice<\/li>\n<li>Villa of the Government Praesidium on the Palisade &#8211; \u010cajetina<\/li>\n<li>The birthplace of the national hero Sava Jovanovi\u0107 &#8211; \u010cajetina<\/li>\n<\/ul>\n<\/div>\n\t\t\t\t<\/div>\n\t\t\t\t\t\t\t<div class=\"elementor-toggle-item\">\n\t\t\t\t\t<div id=\"elementor-tab-title-2297\" class=\"elementor-tab-title\" data-tab=\"7\" role=\"tab\" aria-controls=\"elementor-tab-content-2297\" aria-expanded=\"false\">\n\t\t\t\t\t\t\t\t\t\t\t\t<span class=\"elementor-toggle-icon elementor-toggle-icon-left\" aria-hidden=\"true\">\n\t\t\t\t\t\t\t\t\t\t\t\t\t\t\t<span class=\"elementor-toggle-icon-closed\"><i class=\"fas fa-caret-right\"><\/i><\/span>\n\t\t\t\t\t\t\t\t<span class=\"elementor-toggle-icon-opened\"><i class=\"elementor-toggle-icon-opened fas fa-caret-up\"><\/i><\/span>\n\t\t\t\t\t\t\t\t\t\t\t\t\t<\/span>\n\t\t\t\t\t\t\t\t\t\t\t\t<a href=\"\" class=\"elementor-toggle-title\">Other cultural heritage sites<\/a>\n\t\t\t\t\t<\/div>\n\n\t\t\t\t\t<div id=\"elementor-tab-content-2297\" class=\"elementor-tab-content elementor-clearfix\" data-tab=\"7\" role=\"tabpanel\" aria-labelledby=\"elementor-tab-title-2297\"><ul>\n<li>Memorial fountain &#8211; Po\u017eega<\/li>\n<li>Memorial ossuary &#8211; Priboj<\/li>\n<li>Bridge over the Uvac in \u017dvale &#8211; Sjenica<\/li>\n<li>Four trenches from the First Serbian Uprising in Kremna &#8211; U\u017eice<\/li>\n<li>The Mutap trench in Ljubanje &#8211; U\u017eice<\/li>\n<li>Moljkovi\u0107 Fountain in Kremna &#8211; U\u017eice<\/li>\n<\/ul>\n<\/div>\n\t\t\t\t<\/div>\n\t\t\t\t\t\t\t\t<\/div>\n\t\t\t\t<\/div>\n\t\t\t\t<\/div>\n\t\t\t\t\t<\/div>\n\t\t<\/div>\n\t\t\t\t<div class=\"elementor-column elementor-col-16 elementor-top-column elementor-element elementor-element-ed15006\" data-id=\"ed15006\" data-element_type=\"column\">\n\t\t\t<div class=\"elementor-widget-wrap\">\n\t\t\t\t\t\t\t\t\t<\/div>\n\t\t<\/div>\n\t\t\t\t\t\t\t<\/div>\n\t\t<\/section>\n\t\t\t\t\t\t\t<\/div>\n\t\t","protected":false},"excerpt":{"rendered":"<p>Cultural heritage of exceptional significance Church of St. Ahilius \u2013 Arilje Village of Mramorje in Peru\u0107ac \u2013 Bajina Ba\u0161ta Log cabin church in Dub \u2013 Bajina Ba\u0161ta Archaeological site of [&hellip;]<\/p>\n","protected":false},"author":1,"featured_media":0,"parent":0,"menu_order":0,"comment_status":"closed","ping_status":"closed","template":"","meta":{"footnotes":""},"class_list":["post-2883","page","type-page","status-publish","hentry"],"_links":{"self":[{"href":"https:\/\/zlatiborski.okrug.gov.rs\/en\/wp-json\/wp\/v2\/pages\/2883","targetHints":{"allow":["GET"]}}],"collection":[{"href":"https:\/\/zlatiborski.okrug.gov.rs\/en\/wp-json\/wp\/v2\/pages"}],"about":[{"href":"https:\/\/zlatiborski.okrug.gov.rs\/en\/wp-json\/wp\/v2\/types\/page"}],"author":[{"embeddable":true,"href":"https:\/\/zlatiborski.okrug.gov.rs\/en\/wp-json\/wp\/v2\/users\/1"}],"replies":[{"embeddable":true,"href":"https:\/\/zlatiborski.okrug.gov.rs\/en\/wp-json\/wp\/v2\/comments?post=2883"}],"version-history":[{"count":4,"href":"https:\/\/zlatiborski.okrug.gov.rs\/en\/wp-json\/wp\/v2\/pages\/2883\/revisions"}],"predecessor-version":[{"id":2887,"href":"https:\/\/zlatiborski.okrug.gov.rs\/en\/wp-json\/wp\/v2\/pages\/2883\/revisions\/2887"}],"wp:attachment":[{"href":"https:\/\/zlatiborski.okrug.gov.rs\/en\/wp-json\/wp\/v2\/media?parent=2883"}],"curies":[{"name":"wp","href":"https:\/\/api.w.org\/{rel}","templated":true}]}}